{"id":339,"date":"2014-03-27T09:19:11","date_gmt":"2014-03-27T08:19:11","guid":{"rendered":"http:\/\/www.anyonecancook.de\/?page_id=339"},"modified":"2015-01-02T20:48:45","modified_gmt":"2015-01-02T19:48:45","slug":"blogroll","status":"publish","type":"page","link":"http:\/\/www.anyonecancook.de\/?page_id=339","title":{"rendered":"Blogroll"},"content":{"rendered":"<p>Hier findet ihr eine Auswahl meiner Lieblingsblogs.<\/p>\n<p><a href=\"http:\/\/www.arthurstochterkochtblog.com\/\" target=\"_blank\">Arthurs Tochter Kocht<\/a><\/p>\n<p><a href=\"http:\/\/kuechenchaotin.de\/\" target=\"_blank\">K\u00fcchenchaotin<\/a><\/p>\n<p><a href=\"http:\/\/maennerkochrunde.de\/\" target=\"_blank\">M\u00e4nnerkochrunde<\/a><\/p>\n<p><a href=\"http:\/\/www.backbube.com\/\" target=\"_blank\">Backbube<\/a><\/p>\n<p><a href=\"http:\/\/www.kuriositaetenladen.com\/\" target=\"_blank\">Kleiner Kuriosit\u00e4tenladen<\/a><\/p>\n<p><a href=\"http:\/\/www.highfoodality.com\/\" target=\"_blank\">High Foodality<\/a><\/p>\n","protected":false},"excerpt":{"rendered":"<p>Hier findet ihr eine Auswahl meiner Lieblingsblogs. Arthurs Tochter Kocht K\u00fcchenchaotin M\u00e4nnerkochrunde Backbube Kleiner Kuriosit\u00e4tenladen High Foodality<\/p>\n","protected":false},"author":1,"featured_media":0,"parent":0,"menu_order":0,"comment_status":"open","ping_status":"open","template":"","meta":[],"_links":{"self":[{"href":"http:\/\/www.anyonecancook.de\/index.php?rest_route=\/wp\/v2\/pages\/339"}],"collection":[{"href":"http:\/\/www.anyonecancook.de\/index.php?rest_route=\/wp\/v2\/pages"}],"about":[{"href":"http:\/\/www.anyonecancook.de\/index.php?rest_route=\/wp\/v2\/types\/page"}],"author":[{"embeddable":true,"href":"http:\/\/www.anyonecancook.de\/index.php?rest_route=\/wp\/v2\/users\/1"}],"replies":[{"embeddable":true,"href":"http:\/\/www.anyonecancook.de\/index.php?rest_route=%2Fwp%2Fv2%2Fcomments&post=339"}],"version-history":[{"count":5,"href":"http:\/\/www.anyonecancook.de\/index.php?rest_route=\/wp\/v2\/pages\/339\/revisions"}],"predecessor-version":[{"id":635,"href":"http:\/\/www.anyonecancook.de\/index.php?rest_route=\/wp\/v2\/pages\/339\/revisions\/635"}],"wp:attachment":[{"href":"http:\/\/www.anyonecancook.de\/index.php?rest_route=%2Fwp%2Fv2%2Fmedia&parent=339"}],"curies":[{"name":"wp","href":"https:\/\/api.w.org\/{rel}","templated":true}]}}